{"id":5289,"date":"2025-05-23T09:53:18","date_gmt":"2025-05-23T07:53:18","guid":{"rendered":"https:\/\/www.zenwavetherapy.com\/?page_id=5289"},"modified":"2025-05-23T09:53:18","modified_gmt":"2025-05-23T07:53:18","slug":"impressum","status":"publish","type":"page","link":"https:\/\/www.zenwavetherapy.com\/index.php\/impressum\/","title":{"rendered":"Impressum"},"content":{"rendered":"<p data-start=\"79\" data-end=\"117\"><strong data-start=\"79\" data-end=\"92\">Impressum<\/strong><br data-start=\"92\" data-end=\"95\" \/>Angaben gem\u00e4\u00df \u00a7 5 TMG:<\/p>\n<p data-start=\"119\" data-end=\"219\"><strong data-start=\"119\" data-end=\"138\">Maxime Chemello<\/strong><br data-start=\"138\" data-end=\"141\" \/>ZenWave<br data-start=\"156\" data-end=\"159\" \/>Oppelner Str. 30<br data-start=\"175\" data-end=\"178\" \/>C\/O Baccaini<br data-start=\"190\" data-end=\"193\" \/>10997 Berlin<br data-start=\"205\" data-end=\"208\" \/>Deutschland<\/p>\n<p data-start=\"221\" data-end=\"354\">Telefon: 0151 42892389<br data-start=\"243\" data-end=\"246\" \/>E-Mail: <a class=\"cursor-pointer\" rel=\"noopener\" data-start=\"254\" data-end=\"278\">infos@zenwavetherapy.com<\/a><br data-start=\"278\" data-end=\"281\" \/>Website: <a class=\"\" href=\"https:\/\/www.zenwavetherapy.com\" target=\"_new\" rel=\"noopener\" data-start=\"290\" data-end=\"354\">https:\/\/www.zenwavetherapy.com<\/a><\/p>\n<p data-start=\"356\" data-end=\"461\"><strong data-start=\"356\" data-end=\"376\">Umsatzsteuer-ID:<\/strong><br data-start=\"376\" data-end=\"379\" \/>Umsatzsteuer-Identifikationsnummer gem\u00e4\u00df \u00a727 a Umsatzsteuergesetz: <strong data-start=\"446\" data-end=\"461\">DE368140184<\/strong><\/p>\n<p data-start=\"463\" data-end=\"590\"><strong data-start=\"463\" data-end=\"519\">Verantwortlich f\u00fcr den Inhalt nach \u00a7 55 Abs. 2 RStV:<\/strong><br data-start=\"519\" data-end=\"522\" \/><strong data-start=\"522\" data-end=\"541\">Maxime Chemello<\/strong><br data-start=\"541\" data-end=\"544\" \/>Oppelner Str. 30<br data-start=\"560\" data-end=\"563\" \/>C\/O Baccaini<br data-start=\"575\" data-end=\"578\" \/>10997 Berlin<\/p>\n<hr data-start=\"592\" data-end=\"595\" \/>\n<p data-start=\"597\" data-end=\"632\"><strong data-start=\"597\" data-end=\"632\">Haftungsausschluss (Disclaimer)<\/strong><\/p>\n<p data-start=\"634\" data-end=\"1364\"><strong data-start=\"634\" data-end=\"657\">Haftung f\u00fcr Inhalte<\/strong><br data-start=\"657\" data-end=\"660\" \/>Als Diensteanbieter sind wir gem\u00e4\u00df \u00a7 7 Abs.1 TMG f\u00fcr eigene Inhalte auf diesen Seiten nach den allgemeinen Gesetzen verantwortlich. Nach \u00a7\u00a7 8 bis 10 TMG sind wir als Diensteanbieter jedoch nicht verpflichtet, \u00fcbermittelte oder gespeicherte fremde Informationen zu \u00fcberwachen oder nach Umst\u00e4nden zu forschen, die auf eine rechtswidrige T\u00e4tigkeit hinweisen. Verpflichtungen zur Entfernung oder Sperrung der Nutzung von Informationen nach den allgemeinen Gesetzen bleiben hiervon unber\u00fchrt. Eine diesbez\u00fcgliche Haftung ist jedoch erst ab dem Zeitpunkt der Kenntnis einer konkreten Rechtsverletzung m\u00f6glich. Bei Bekanntwerden von entsprechenden Rechtsverletzungen werden wir diese Inhalte umgehend entfernen.<\/p>\n<p data-start=\"1366\" data-end=\"1680\"><strong data-start=\"1366\" data-end=\"1387\">Haftung f\u00fcr Links<\/strong><br data-start=\"1387\" data-end=\"1390\" \/>Unser Angebot enth\u00e4lt Links zu externen Websites Dritter, auf deren Inhalte wir keinen Einfluss haben. Deshalb k\u00f6nnen wir f\u00fcr diese fremden Inhalte auch keine Gew\u00e4hr \u00fcbernehmen. F\u00fcr die Inhalte der verlinkten Seiten ist stets der jeweilige Anbieter oder Betreiber der Seiten verantwortlich.<\/p>\n<p data-start=\"1682\" data-end=\"2010\"><strong data-start=\"1682\" data-end=\"1698\">Urheberrecht<\/strong><br data-start=\"1698\" data-end=\"1701\" \/>Die durch die Seitenbetreiber erstellten Inhalte und Werke auf diesen Seiten unterliegen dem deutschen Urheberrecht. Die Vervielf\u00e4ltigung, Bearbeitung, Verbreitung und jede Art der Verwertung au\u00dferhalb der Grenzen des Urheberrechtes bed\u00fcrfen der schriftlichen Zustimmung des jeweiligen Autors bzw. Erstellers.<\/p>\n<p data-start=\"119\" data-end=\"143\">\n<p data-start=\"119\" data-end=\"143\"><strong data-start=\"119\" data-end=\"143\">Datenschutzerkl\u00e4rung<\/strong><\/p>\n<ol data-start=\"145\" data-end=\"428\">\n<li data-start=\"145\" data-end=\"428\">\n<p data-start=\"148\" data-end=\"428\">Datenschutz auf einen Blick<br data-start=\"175\" data-end=\"178\" \/>Allgemeine Hinweise<br data-start=\"197\" data-end=\"200\" \/>Die folgenden Hinweise geben einen \u00dcberblick dar\u00fcber, was mit personenbezogenen Daten passiert, wenn diese Website besucht wird. Personenbezogene Daten sind alle Daten, mit denen eine Person pers\u00f6nlich identifiziert werden kann.<\/p>\n<\/li>\n<\/ol>\n<p data-start=\"430\" data-end=\"523\">Datenerfassung auf dieser Website<br data-start=\"463\" data-end=\"466\" \/>Die Datenverarbeitung erfolgt durch den Websitebetreiber:<\/p>\n<p data-start=\"525\" data-end=\"667\">Maxime Chemello<br data-start=\"540\" data-end=\"543\" \/>ZenWave<br data-start=\"558\" data-end=\"561\" \/>Oppelner Str. 30<br data-start=\"577\" data-end=\"580\" \/>C\/O Baccaini<br data-start=\"592\" data-end=\"595\" \/>10997 Berlin<br data-start=\"607\" data-end=\"610\" \/>Telefon: 0151 42892389<br data-start=\"632\" data-end=\"635\" \/>E-Mail: <a class=\"cursor-pointer\" rel=\"noopener\" data-start=\"643\" data-end=\"667\">infos@zenwavetherapy.com<\/a><\/p>\n<ol start=\"2\" data-start=\"669\" data-end=\"914\">\n<li data-start=\"669\" data-end=\"914\">\n<p data-start=\"672\" data-end=\"914\">Allgemeine Hinweise und Pflichtinformationen<br data-start=\"716\" data-end=\"719\" \/>Datenschutz<br data-start=\"730\" data-end=\"733\" \/>Der Schutz personenbezogener Daten wird sehr ernst genommen. Daten werden vertraulich und gem\u00e4\u00df der gesetzlichen Datenschutzvorschriften sowie dieser Datenschutzerkl\u00e4rung behandelt.<\/p>\n<\/li>\n<\/ol>\n<p data-start=\"916\" data-end=\"982\">Verantwortliche Stelle<br data-start=\"938\" data-end=\"941\" \/>Verantwortlich f\u00fcr die Datenverarbeitung:<\/p>\n<p data-start=\"984\" data-end=\"1126\">Maxime Chemello<br data-start=\"999\" data-end=\"1002\" \/>ZenWave<br data-start=\"1017\" data-end=\"1020\" \/>Oppelner Str. 30<br data-start=\"1036\" data-end=\"1039\" \/>C\/O Baccaini<br data-start=\"1051\" data-end=\"1054\" \/>10997 Berlin<br data-start=\"1066\" data-end=\"1069\" \/>Telefon: 0151 42892389<br data-start=\"1091\" data-end=\"1094\" \/>E-Mail: <a class=\"cursor-pointer\" rel=\"noopener\" data-start=\"1102\" data-end=\"1126\">infos@zenwavetherapy.com<\/a><\/p>\n<ol start=\"3\" data-start=\"1128\" data-end=\"1579\">\n<li data-start=\"1128\" data-end=\"1380\">\n<p data-start=\"1131\" data-end=\"1380\">Hosting<br data-start=\"1138\" data-end=\"1141\" \/>Diese Website wird auf Servern eines externen Dienstleisters (Webhoster) gehostet. Die personenbezogenen Daten werden auf den Servern des Hosters gespeichert. Ein Vertrag zur Auftragsverarbeitung (AV-Vertrag) gem\u00e4\u00df Art. 28 DSGVO liegt vor.<\/p>\n<\/li>\n<li data-start=\"1382\" data-end=\"1579\">\n<p data-start=\"1385\" data-end=\"1579\">Datenerfassung auf dieser Website<br data-start=\"1418\" data-end=\"1421\" \/>Kontaktformular<br data-start=\"1436\" data-end=\"1439\" \/>Daten, die \u00fcber das Kontaktformular \u00fcbermittelt werden, werden zur Bearbeitung gespeichert. Eine Weitergabe erfolgt nicht ohne Einwilligung.<\/p>\n<\/li>\n<\/ol>\n<p data-start=\"1581\" data-end=\"1705\">Cookies<br data-start=\"1588\" data-end=\"1591\" \/>Diese Website verwendet Cookies. Sie dienen der Funktionalit\u00e4t (z.\u202fB. Navigation, Session-Management) und Analyse.<\/p>\n<p data-start=\"1707\" data-end=\"1794\">Server-Log-Dateien<br data-start=\"1725\" data-end=\"1728\" \/>Folgende Daten werden automatisch beim Besuch der Website erfasst:<\/p>\n<ul data-start=\"1795\" data-end=\"1956\">\n<li data-start=\"1795\" data-end=\"1824\">\n<p data-start=\"1797\" data-end=\"1824\">Browsertyp\/Browserversion<\/p>\n<\/li>\n<li data-start=\"1825\" data-end=\"1855\">\n<p data-start=\"1827\" data-end=\"1855\">Verwendetes Betriebssystem<\/p>\n<\/li>\n<li data-start=\"1856\" data-end=\"1872\">\n<p data-start=\"1858\" data-end=\"1872\">Referrer URL<\/p>\n<\/li>\n<li data-start=\"1873\" data-end=\"1911\">\n<p data-start=\"1875\" data-end=\"1911\">Hostname des zugreifenden Rechners<\/p>\n<\/li>\n<li data-start=\"1912\" data-end=\"1941\">\n<p data-start=\"1914\" data-end=\"1941\">Uhrzeit der Serveranfrage<\/p>\n<\/li>\n<li data-start=\"1942\" data-end=\"1956\">\n<p data-start=\"1944\" data-end=\"1956\">IP-Adresse<\/p>\n<\/li>\n<\/ul>\n<p data-start=\"1958\" data-end=\"2024\">Diese Daten werden nicht mit anderen Datenquellen zusammengef\u00fchrt.<\/p>\n<ol start=\"5\" data-start=\"2026\" data-end=\"2237\">\n<li data-start=\"2026\" data-end=\"2237\">\n<p data-start=\"2029\" data-end=\"2237\">Analyse-Tools und Drittanbieter<br data-start=\"2060\" data-end=\"2063\" \/>Google Analytics<br data-start=\"2079\" data-end=\"2082\" \/>Diese Website nutzt Funktionen des Webanalysedienstes Google Analytics. Anbieter ist Google Ireland Limited, Gordon House, Barrow Street, Dublin 4, Irland.<\/p>\n<\/li>\n<\/ol>\n<p data-start=\"2239\" data-end=\"2436\">Google Analytics verwendet Cookies, die eine Analyse der Benutzung der Website erm\u00f6glichen. Die durch Cookies erzeugten Informationen werden in der Regel an Server von Google in den USA \u00fcbertragen.<\/p>\n<p data-start=\"2438\" data-end=\"2658\">Die Speicherung von Google-Analytics-Cookies erfolgt auf Grundlage von Art. 6 Abs. 1 lit. f DSGVO. Der Websitebetreiber hat ein berechtigtes Interesse an der Analyse des Nutzerverhaltens, um das Webangebot zu optimieren.<\/p>\n<p data-start=\"2660\" data-end=\"2776\">IP-Anonymisierung ist auf dieser Website aktiviert. Dadurch wird die IP-Adresse von Google innerhalb der EU gek\u00fcrzt.<\/p>\n<p data-start=\"2778\" data-end=\"2827\">Es wurde ein AV-Vertrag mit Google abgeschlossen.<\/p>\n<p data-start=\"2829\" data-end=\"2895\">Weitere Infos: <a class=\"cursor-pointer\" target=\"_new\" rel=\"noopener\" data-start=\"2844\" data-end=\"2895\">https:\/\/support.google.com\/analytics\/answer\/6004245<\/a><\/p>\n<p data-start=\"2897\" data-end=\"3125\">Widerspruch gegen Datenerfassung:<br data-start=\"2930\" data-end=\"2933\" \/>Nutzer k\u00f6nnen die Erfassung ihrer Daten durch Google Analytics verhindern, indem sie das unter folgendem Link verf\u00fcgbare Browser-Plugin installieren:<br data-start=\"3082\" data-end=\"3085\" \/><a class=\"cursor-pointer\" target=\"_new\" rel=\"noopener\" data-start=\"3085\" data-end=\"3125\">https:\/\/tools.google.com\/dlpage\/gaoptout<\/a><\/p>\n<ol start=\"6\" data-start=\"3127\" data-end=\"3294\">\n<li data-start=\"3127\" data-end=\"3294\">\n<p data-start=\"3130\" data-end=\"3294\">Buchung \u00fcber Treatwell<br data-start=\"3152\" data-end=\"3155\" \/>F\u00fcr die Online-Terminbuchung verwendet diese Website eine Schnittstelle zu Treatwell (Treatwell Limited, 1 Soho Place, London W1D 3BG, UK).<\/p>\n<\/li>\n<\/ol>\n<p data-start=\"3296\" data-end=\"3510\">Wenn ein Termin \u00fcber Treatwell gebucht wird, erfolgt eine Weiterleitung auf deren Plattform. Die dort erhobenen Daten unterliegen der Datenschutzerkl\u00e4rung von Treatwell:<br data-start=\"3465\" data-end=\"3468\" \/><a class=\"cursor-pointer\" target=\"_new\" rel=\"noopener\" data-start=\"3468\" data-end=\"3510\">https:\/\/www.treatwell.de\/info\/datenschutz\/<\/a><\/p>\n<p data-start=\"3512\" data-end=\"3611\">Die Nutzung von Treatwell erfolgt auf Grundlage von Art. 6 Abs. 1 lit. b DSGVO (Vertragserf\u00fcllung).<\/p>\n<ol start=\"7\" data-start=\"3613\" data-end=\"3845\">\n<li data-start=\"3613\" data-end=\"3845\">\n<p data-start=\"3616\" data-end=\"3845\">Plugins und Tools<br data-start=\"3633\" data-end=\"3636\" \/>WPBakery Page Builder<br data-start=\"3657\" data-end=\"3660\" \/>WPBakery ist ein WordPress-Plugin zur Erstellung und Gestaltung von Seiteninhalten. Es verarbeitet keine personenbezogenen Daten direkt, ist jedoch mit Drittanbieterinhalten kompatibel.<\/p>\n<\/li>\n<\/ol>\n<p data-start=\"3847\" data-end=\"4040\">Externe Inhalte<br data-start=\"3862\" data-end=\"3865\" \/>Es kann vorkommen, dass Inhalte Dritter eingebunden werden (z.\u202fB. Google Maps, YouTube). Beim Aufruf dieser Inhalte gelten die Datenschutzbedingungen des jeweiligen Anbieters.<\/p>\n<ol start=\"8\" data-start=\"4042\" data-end=\"4076\">\n<li data-start=\"4042\" data-end=\"4076\">\n<p data-start=\"4045\" data-end=\"4076\">Rechte der betroffenen Person<\/p>\n<\/li>\n<\/ol>\n<ul data-start=\"4077\" data-end=\"4390\">\n<li data-start=\"4077\" data-end=\"4115\">\n<p data-start=\"4079\" data-end=\"4115\">Recht auf Auskunft (Art. 15 DSGVO)<\/p>\n<\/li>\n<li data-start=\"4116\" data-end=\"4158\">\n<p data-start=\"4118\" data-end=\"4158\">Recht auf Berichtigung (Art. 16 DSGVO)<\/p>\n<\/li>\n<li data-start=\"4159\" data-end=\"4197\">\n<p data-start=\"4161\" data-end=\"4197\">Recht auf L\u00f6schung (Art. 17 DSGVO)<\/p>\n<\/li>\n<li data-start=\"4198\" data-end=\"4258\">\n<p data-start=\"4200\" data-end=\"4258\">Recht auf Einschr\u00e4nkung der Verarbeitung (Art. 18 DSGVO)<\/p>\n<\/li>\n<li data-start=\"4259\" data-end=\"4309\">\n<p data-start=\"4261\" data-end=\"4309\">Recht auf Daten\u00fcbertragbarkeit (Art. 20 DSGVO)<\/p>\n<\/li>\n<li data-start=\"4310\" data-end=\"4347\">\n<p data-start=\"4312\" data-end=\"4347\">Widerspruchsrecht (Art. 21 DSGVO)<\/p>\n<\/li>\n<li data-start=\"4348\" data-end=\"4390\">\n<p data-start=\"4350\" data-end=\"4390\">Beschwerderecht bei der Aufsichtsbeh\u00f6rde<\/p>\n<\/li>\n<\/ul>\n<ol start=\"9\" data-start=\"4392\" data-end=\"4594\">\n<li data-start=\"4392\" data-end=\"4594\">\n<p data-start=\"4395\" data-end=\"4594\">SSL- bzw. TLS-Verschl\u00fcsselung<br data-start=\"4424\" data-end=\"4427\" \/>Diese Seite nutzt aus Sicherheitsgr\u00fcnden eine SSL- bzw. TLS-Verschl\u00fcsselung. Eine verschl\u00fcsselte Verbindung ist an der Adresszeile des Browsers (\u201ehttps:\/\/\u201c) erkennbar.<\/p>\n<\/li>\n<\/ol>\n","protected":false},"excerpt":{"rendered":"<p>ImpressumAngaben gem\u00e4\u00df \u00a7 5 TMG: Maxime ChemelloZenWaveOppelner Str. 30C\/O Baccaini10997 BerlinDeutschland Telefon: 0151 42892389E-Mail: infos@zenwavetherapy.comWebsite: https:\/\/www.zenwavetherapy.com Umsatzsteuer-ID:Umsatzsteuer-Identifikationsnummer gem\u00e4\u00df \u00a727 a Umsatzsteuergesetz: DE368140184 Verantwortlich f\u00fcr den Inhalt nach \u00a7 55 Abs. 2 RStV:Maxime ChemelloOppelner Str&#8230;.<\/p>\n","protected":false},"author":1,"featured_media":0,"parent":0,"menu_order":0,"comment_status":"closed","ping_status":"closed","template":"","meta":{"_bbp_topic_count":0,"_bbp_reply_count":0,"_bbp_total_topic_count":0,"_bbp_total_reply_count":0,"_bbp_voice_count":0,"_bbp_anonymous_reply_count":0,"_bbp_topic_count_hidden":0,"_bbp_reply_count_hidden":0,"_bbp_forum_subforum_count":0,"wprm-recipe-roundup-name":"","wprm-recipe-roundup-description":"","footnotes":""},"class_list":["post-5289","page","type-page","status-publish","hentry"],"yoast_head":"<!-- This site is optimized with the Yoast SEO plugin v27.4 - https:\/\/yoast.com\/product\/yoast-seo-wordpress\/ -->\n<title>Impressum | Zen Wave Therapy<\/title>\n<meta name=\"robots\" content=\"index, follow, max-snippet:-1, max-image-preview:large, max-video-preview:-1\" \/>\n<link rel=\"canonical\" href=\"https:\/\/www.zenwavetherapy.com\/index.php\/impressum\/\" \/>\n<meta property=\"og:locale\" content=\"en_US\" \/>\n<meta property=\"og:type\" content=\"article\" \/>\n<meta property=\"og:title\" content=\"Impressum | Zen Wave Therapy\" \/>\n<meta property=\"og:description\" content=\"ImpressumAngaben gem\u00e4\u00df \u00a7 5 TMG: Maxime ChemelloZenWaveOppelner Str. 30C\/O Baccaini10997 BerlinDeutschland Telefon: 0151 42892389E-Mail: infos@zenwavetherapy.comWebsite: https:\/\/www.zenwavetherapy.com Umsatzsteuer-ID:Umsatzsteuer-Identifikationsnummer gem\u00e4\u00df \u00a727 a Umsatzsteuergesetz: DE368140184 Verantwortlich f\u00fcr den Inhalt nach \u00a7 55 Abs. 2 RStV:Maxime ChemelloOppelner Str....\" \/>\n<meta property=\"og:url\" content=\"https:\/\/www.zenwavetherapy.com\/index.php\/impressum\/\" \/>\n<meta property=\"og:site_name\" content=\"Zen Wave Therapy\" \/>\n<meta name=\"twitter:card\" content=\"summary_large_image\" \/>\n<meta name=\"twitter:label1\" content=\"Est. reading time\" \/>\n\t<meta name=\"twitter:data1\" content=\"4 minutes\" \/>\n<script type=\"application\/ld+json\" class=\"yoast-schema-graph\">{\"@context\":\"https:\\\/\\\/schema.org\",\"@graph\":[{\"@type\":\"WebPage\",\"@id\":\"https:\\\/\\\/www.zenwavetherapy.com\\\/index.php\\\/impressum\\\/\",\"url\":\"https:\\\/\\\/www.zenwavetherapy.com\\\/index.php\\\/impressum\\\/\",\"name\":\"Impressum | Zen Wave Therapy\",\"isPartOf\":{\"@id\":\"https:\\\/\\\/www.zenwavetherapy.com\\\/#website\"},\"datePublished\":\"2025-05-23T07:53:18+00:00\",\"breadcrumb\":{\"@id\":\"https:\\\/\\\/www.zenwavetherapy.com\\\/index.php\\\/impressum\\\/#breadcrumb\"},\"inLanguage\":\"en-US\",\"potentialAction\":[{\"@type\":\"ReadAction\",\"target\":[\"https:\\\/\\\/www.zenwavetherapy.com\\\/index.php\\\/impressum\\\/\"]}]},{\"@type\":\"BreadcrumbList\",\"@id\":\"https:\\\/\\\/www.zenwavetherapy.com\\\/index.php\\\/impressum\\\/#breadcrumb\",\"itemListElement\":[{\"@type\":\"ListItem\",\"position\":1,\"name\":\"Home\",\"item\":\"https:\\\/\\\/www.zenwavetherapy.com\\\/\"},{\"@type\":\"ListItem\",\"position\":2,\"name\":\"Impressum\"}]},{\"@type\":\"WebSite\",\"@id\":\"https:\\\/\\\/www.zenwavetherapy.com\\\/#website\",\"url\":\"https:\\\/\\\/www.zenwavetherapy.com\\\/\",\"name\":\"Zen Wave Therapy\",\"description\":\"Re-discovering your health\",\"publisher\":{\"@id\":\"https:\\\/\\\/www.zenwavetherapy.com\\\/#organization\"},\"alternateName\":\"Re-discovering great health\",\"potentialAction\":[{\"@type\":\"SearchAction\",\"target\":{\"@type\":\"EntryPoint\",\"urlTemplate\":\"https:\\\/\\\/www.zenwavetherapy.com\\\/?s={search_term_string}\"},\"query-input\":{\"@type\":\"PropertyValueSpecification\",\"valueRequired\":true,\"valueName\":\"search_term_string\"}}],\"inLanguage\":\"en-US\"},{\"@type\":\"Organization\",\"@id\":\"https:\\\/\\\/www.zenwavetherapy.com\\\/#organization\",\"name\":\"Zen Wave\",\"alternateName\":\"Re-discovering great health\",\"url\":\"https:\\\/\\\/www.zenwavetherapy.com\\\/\",\"logo\":{\"@type\":\"ImageObject\",\"inLanguage\":\"en-US\",\"@id\":\"https:\\\/\\\/www.zenwavetherapy.com\\\/#\\\/schema\\\/logo\\\/image\\\/\",\"url\":\"https:\\\/\\\/www.zenwavetherapy.com\\\/wp-content\\\/uploads\\\/2024\\\/02\\\/Massage-shiatsu-berlin.jpg\",\"contentUrl\":\"https:\\\/\\\/www.zenwavetherapy.com\\\/wp-content\\\/uploads\\\/2024\\\/02\\\/Massage-shiatsu-berlin.jpg\",\"width\":1499,\"height\":740,\"caption\":\"Zen Wave\"},\"image\":{\"@id\":\"https:\\\/\\\/www.zenwavetherapy.com\\\/#\\\/schema\\\/logo\\\/image\\\/\"},\"sameAs\":[\"https:\\\/\\\/www.instagram.com\\\/maximepapouth\\\/\"]}]}<\/script>\n<!-- \/ Yoast SEO plugin. -->","yoast_head_json":{"title":"Impressum | Zen Wave Therapy","robots":{"index":"index","follow":"follow","max-snippet":"max-snippet:-1","max-image-preview":"max-image-preview:large","max-video-preview":"max-video-preview:-1"},"canonical":"https:\/\/www.zenwavetherapy.com\/index.php\/impressum\/","og_locale":"en_US","og_type":"article","og_title":"Impressum | Zen Wave Therapy","og_description":"ImpressumAngaben gem\u00e4\u00df \u00a7 5 TMG: Maxime ChemelloZenWaveOppelner Str. 30C\/O Baccaini10997 BerlinDeutschland Telefon: 0151 42892389E-Mail: infos@zenwavetherapy.comWebsite: https:\/\/www.zenwavetherapy.com Umsatzsteuer-ID:Umsatzsteuer-Identifikationsnummer gem\u00e4\u00df \u00a727 a Umsatzsteuergesetz: DE368140184 Verantwortlich f\u00fcr den Inhalt nach \u00a7 55 Abs. 2 RStV:Maxime ChemelloOppelner Str....","og_url":"https:\/\/www.zenwavetherapy.com\/index.php\/impressum\/","og_site_name":"Zen Wave Therapy","twitter_card":"summary_large_image","twitter_misc":{"Est. reading time":"4 minutes"},"schema":{"@context":"https:\/\/schema.org","@graph":[{"@type":"WebPage","@id":"https:\/\/www.zenwavetherapy.com\/index.php\/impressum\/","url":"https:\/\/www.zenwavetherapy.com\/index.php\/impressum\/","name":"Impressum | Zen Wave Therapy","isPartOf":{"@id":"https:\/\/www.zenwavetherapy.com\/#website"},"datePublished":"2025-05-23T07:53:18+00:00","breadcrumb":{"@id":"https:\/\/www.zenwavetherapy.com\/index.php\/impressum\/#breadcrumb"},"inLanguage":"en-US","potentialAction":[{"@type":"ReadAction","target":["https:\/\/www.zenwavetherapy.com\/index.php\/impressum\/"]}]},{"@type":"BreadcrumbList","@id":"https:\/\/www.zenwavetherapy.com\/index.php\/impressum\/#breadcrumb","itemListElement":[{"@type":"ListItem","position":1,"name":"Home","item":"https:\/\/www.zenwavetherapy.com\/"},{"@type":"ListItem","position":2,"name":"Impressum"}]},{"@type":"WebSite","@id":"https:\/\/www.zenwavetherapy.com\/#website","url":"https:\/\/www.zenwavetherapy.com\/","name":"Zen Wave Therapy","description":"Re-discovering your health","publisher":{"@id":"https:\/\/www.zenwavetherapy.com\/#organization"},"alternateName":"Re-discovering great health","potentialAction":[{"@type":"SearchAction","target":{"@type":"EntryPoint","urlTemplate":"https:\/\/www.zenwavetherapy.com\/?s={search_term_string}"},"query-input":{"@type":"PropertyValueSpecification","valueRequired":true,"valueName":"search_term_string"}}],"inLanguage":"en-US"},{"@type":"Organization","@id":"https:\/\/www.zenwavetherapy.com\/#organization","name":"Zen Wave","alternateName":"Re-discovering great health","url":"https:\/\/www.zenwavetherapy.com\/","logo":{"@type":"ImageObject","inLanguage":"en-US","@id":"https:\/\/www.zenwavetherapy.com\/#\/schema\/logo\/image\/","url":"https:\/\/www.zenwavetherapy.com\/wp-content\/uploads\/2024\/02\/Massage-shiatsu-berlin.jpg","contentUrl":"https:\/\/www.zenwavetherapy.com\/wp-content\/uploads\/2024\/02\/Massage-shiatsu-berlin.jpg","width":1499,"height":740,"caption":"Zen Wave"},"image":{"@id":"https:\/\/www.zenwavetherapy.com\/#\/schema\/logo\/image\/"},"sameAs":["https:\/\/www.instagram.com\/maximepapouth\/"]}]}},"_links":{"self":[{"href":"https:\/\/www.zenwavetherapy.com\/index.php\/wp-json\/wp\/v2\/pages\/5289","targetHints":{"allow":["GET"]}}],"collection":[{"href":"https:\/\/www.zenwavetherapy.com\/index.php\/wp-json\/wp\/v2\/pages"}],"about":[{"href":"https:\/\/www.zenwavetherapy.com\/index.php\/wp-json\/wp\/v2\/types\/page"}],"author":[{"embeddable":true,"href":"https:\/\/www.zenwavetherapy.com\/index.php\/wp-json\/wp\/v2\/users\/1"}],"replies":[{"embeddable":true,"href":"https:\/\/www.zenwavetherapy.com\/index.php\/wp-json\/wp\/v2\/comments?post=5289"}],"version-history":[{"count":1,"href":"https:\/\/www.zenwavetherapy.com\/index.php\/wp-json\/wp\/v2\/pages\/5289\/revisions"}],"predecessor-version":[{"id":5290,"href":"https:\/\/www.zenwavetherapy.com\/index.php\/wp-json\/wp\/v2\/pages\/5289\/revisions\/5290"}],"wp:attachment":[{"href":"https:\/\/www.zenwavetherapy.com\/index.php\/wp-json\/wp\/v2\/media?parent=5289"}],"curies":[{"name":"wp","href":"https:\/\/api.w.org\/{rel}","templated":true}]}}